{"id":51,"date":"2025-12-05T16:43:23","date_gmt":"2025-12-05T16:43:23","guid":{"rendered":"https:\/\/pia.coaching.email\/?page_id=51"},"modified":"2025-12-05T16:43:23","modified_gmt":"2025-12-05T16:43:23","slug":"pia-reich-coaching","status":"publish","type":"page","link":"https:\/\/pia.coaching.email\/","title":{"rendered":"Pia Reich \u2014 Coaching"},"content":{"rendered":"\n<h2 class=\"wp-block-heading\">Unterst\u00fctzung und Begleitung in herausfordernden Lebenslagen<\/h2>\n\n\n\n<div class=\"wp-block-group is-content-justification-left is-nowrap is-layout-flex wp-container-core-group-is-layout-a1ed96d5 wp-block-group-is-layout-flex\">\n<p>W\u00fcnschen Sie sich Ver\u00e4nderung in einem oder mehreren Lebensbereichen, etwa im Beruf oder in der Partnerschaft?<\/p>\n\n\n\n<p>M\u00fcssen Sie, zum Beispiel aus gesundheitlichen Gr\u00fcnden, Ihre Ern\u00e4hrung oder sonstige Verhaltensweisen \u00e4ndern?<\/p>\n\n\n\n<p>Stehen Sie vor einer schwierigen Entscheidung?<\/p>\n\n\n\n<p>Befinden Sie sich in einem belastenden Konflikt mit jemandem?<\/p>\n\n\n\n<p>Sind Sie unzufrieden oder unausgeglichen und wissen nicht, wieso?<\/p>\n<\/div>\n\n\n\n<h2 class=\"wp-block-heading\">Manchmal ist das Leben schwierig. <\/h2>\n\n\n\n<h3 class=\"wp-block-heading\">Manchmal verlangt es mehr, als wir alleine geben k\u00f6nnen.<\/h3>\n\n\n\n<p>In solchen F\u00e4llen hilft es, mit einer neutralen Person zu sprechen. Das muss nicht immer ein\/e Therapeut\/in sein. In vielen F\u00e4llen reicht eine an Ihre pers\u00f6nliche Situation angepasste Anzahl an Coaching-Sitzungen aus, um L\u00f6sungen f\u00fcr Ihr \u201eProblem\u201c zu finden. Diese L\u00f6sungen erarbeiten Sie, mit meiner professionellen Unterst\u00fctzung.<\/p>\n\n\n\n<p><\/p>\n","protected":false},"excerpt":{"rendered":"<p>Unterst\u00fctzung und Begleitung in herausfordernden Lebenslagen W\u00fcnschen Sie sich Ver\u00e4nderung in einem oder mehreren Lebensbereichen, etwa im Beruf oder in der Partnerschaft? M\u00fcssen Sie, zum Beispiel aus gesundheitlichen Gr\u00fcnden, Ihre Ern\u00e4hrung oder sonstige Verhaltensweisen \u00e4ndern? Stehen Sie vor einer schwierigen Entscheidung? Befinden Sie sich in einem belastenden Konflikt mit jemandem? Sind Sie unzufrieden oder unausgeglichen [&hellip;]<\/p>\n","protected":false},"author":1,"featured_media":0,"parent":0,"menu_order":0,"comment_status":"closed","ping_status":"closed","template":"","meta":{"footnotes":""},"class_list":["post-51","page","type-page","status-publish","hentry"],"_links":{"self":[{"href":"https:\/\/pia.coaching.email\/index.php?rest_route=\/wp\/v2\/pages\/51","targetHints":{"allow":["GET"]}}],"collection":[{"href":"https:\/\/pia.coaching.email\/index.php?rest_route=\/wp\/v2\/pages"}],"about":[{"href":"https:\/\/pia.coaching.email\/index.php?rest_route=\/wp\/v2\/types\/page"}],"author":[{"embeddable":true,"href":"https:\/\/pia.coaching.email\/index.php?rest_route=\/wp\/v2\/users\/1"}],"replies":[{"embeddable":true,"href":"https:\/\/pia.coaching.email\/index.php?rest_route=%2Fwp%2Fv2%2Fcomments&post=51"}],"version-history":[{"count":1,"href":"https:\/\/pia.coaching.email\/index.php?rest_route=\/wp\/v2\/pages\/51\/revisions"}],"predecessor-version":[{"id":52,"href":"https:\/\/pia.coaching.email\/index.php?rest_route=\/wp\/v2\/pages\/51\/revisions\/52"}],"wp:attachment":[{"href":"https:\/\/pia.coaching.email\/index.php?rest_route=%2Fwp%2Fv2%2Fmedia&parent=51"}],"curies":[{"name":"wp","href":"https:\/\/api.w.org\/{rel}","templated":true}]}}